{"id":90,"date":"2015-04-13T18:05:41","date_gmt":"2015-04-13T16:05:41","guid":{"rendered":"http:\/\/mayer-marschall.com\/?page_id=90"},"modified":"2015-04-23T09:46:56","modified_gmt":"2015-04-23T07:46:56","slug":"anfahrt","status":"publish","type":"page","link":"https:\/\/mayer-marschall.com\/?page_id=90","title":{"rendered":"Anfahrt"},"content":{"rendered":"<p>&nbsp;<\/p>\n<p>Die Kanzlei ist gut mit \u00f6ffentlichen Verkehrsmitteln zu erreichen. Ausstiegspunkt beim \u00d6PNV ist die Haltestelle &#8222;Bertoldsbrunnen&#8220; Freiburg, von da ca. 5 Minuten zu Fu\u00df.<\/p>\n<p>Das Parkhaus &#8222;Schlossberggarage&#8220; ist nur ca. 300 m von der Anwaltskanzlei entfernt.<\/p>\n<div><\/div>\n<div><\/div>\n<div><\/div>\n<p><iframe loading=\"lazy\" style=\"border: 0;\" src=\"https:\/\/www.google.com\/maps\/embed?pb=!1m18!1m12!1m3!1d2669.978761174874!2d7.8523379000000055!3d47.99479760000002!2m3!1f0!2f0!3f0!3m2!1i1024!2i768!4f13.1!3m3!1m2!1s0x47911c997298adf1%3A0x7b93b043b40551ec!2sSchusterstra%C3%9Fe+17%2C+79098+Freiburg+im+Breisgau!5e0!3m2!1sde!2sde!4v1429345884603\" width=\"600\" height=\"450\" frameborder=\"0\"><\/iframe><\/p>\n","protected":false},"excerpt":{"rendered":"<p>&nbsp; Die Kanzlei ist gut mit \u00f6ffentlichen Verkehrsmitteln zu erreichen. Ausstiegspunkt beim \u00d6PNV ist die Haltestelle &#8222;Bertoldsbrunnen&#8220; Freiburg, von da ca. 5 Minuten zu Fu\u00df. Das Parkhaus &#8222;Schlossberggarage&#8220; ist nur ca. 300 m von der Anwaltskanzlei entfernt.<\/p>\n","protected":false},"author":1,"featured_media":0,"parent":0,"menu_order":60,"comment_status":"closed","ping_status":"closed","template":"","meta":{"footnotes":""},"class_list":["post-90","page","type-page","status-publish","hentry"],"_links":{"self":[{"href":"https:\/\/mayer-marschall.com\/index.php?rest_route=\/wp\/v2\/pages\/90","targetHints":{"allow":["GET"]}}],"collection":[{"href":"https:\/\/mayer-marschall.com\/index.php?rest_route=\/wp\/v2\/pages"}],"about":[{"href":"https:\/\/mayer-marschall.com\/index.php?rest_route=\/wp\/v2\/types\/page"}],"author":[{"embeddable":true,"href":"https:\/\/mayer-marschall.com\/index.php?rest_route=\/wp\/v2\/users\/1"}],"replies":[{"embeddable":true,"href":"https:\/\/mayer-marschall.com\/index.php?rest_route=%2Fwp%2Fv2%2Fcomments&post=90"}],"version-history":[{"count":7,"href":"https:\/\/mayer-marschall.com\/index.php?rest_route=\/wp\/v2\/pages\/90\/revisions"}],"predecessor-version":[{"id":110,"href":"https:\/\/mayer-marschall.com\/index.php?rest_route=\/wp\/v2\/pages\/90\/revisions\/110"}],"wp:attachment":[{"href":"https:\/\/mayer-marschall.com\/index.php?rest_route=%2Fwp%2Fv2%2Fmedia&parent=90"}],"curies":[{"name":"wp","href":"https:\/\/api.w.org\/{rel}","templated":true}]}}