{"id":25,"date":"2015-04-10T10:58:33","date_gmt":"2015-04-10T08:58:33","guid":{"rendered":"http:\/\/mayer-marschall.com\/?page_id=25"},"modified":"2022-02-21T17:25:27","modified_gmt":"2022-02-21T16:25:27","slug":"anwaelte","status":"publish","type":"page","link":"https:\/\/mayer-marschall.com\/?page_id=25","title":{"rendered":"Anw\u00e4lte"},"content":{"rendered":"<p><a href=\"http:\/\/mayer-marschall.com\/wp-content\/uploads\/2015\/04\/HOMEPAGE-EM1.jpg\"><img loading=\"lazy\" decoding=\"async\" class=\"alignnone size-medium wp-image-60\" src=\"http:\/\/mayer-marschall.com\/wp-content\/uploads\/2015\/04\/HOMEPAGE-EM1-203x300.jpg\" alt=\"HOMEPAGE EM1\" width=\"203\" height=\"300\" srcset=\"https:\/\/mayer-marschall.com\/wp-content\/uploads\/2015\/04\/HOMEPAGE-EM1-203x300.jpg 203w, https:\/\/mayer-marschall.com\/wp-content\/uploads\/2015\/04\/HOMEPAGE-EM1-693x1024.jpg 693w, https:\/\/mayer-marschall.com\/wp-content\/uploads\/2015\/04\/HOMEPAGE-EM1-676x999.jpg 676w, https:\/\/mayer-marschall.com\/wp-content\/uploads\/2015\/04\/HOMEPAGE-EM1.jpg 840w\" sizes=\"auto, (max-width: 203px) 100vw, 203px\" \/><\/a><a href=\"http:\/\/mayer-marschall.com\/wp-content\/uploads\/2015\/04\/HOMEPAGE-EM2.jpg\">\u00a0\u00a0 <img loading=\"lazy\" decoding=\"async\" class=\" size-medium wp-image-61 alignnone\" src=\"http:\/\/mayer-marschall.com\/wp-content\/uploads\/2015\/04\/HOMEPAGE-EM2-300x123.jpg\" alt=\"HOMEPAGE EM2\" width=\"300\" height=\"123\" srcset=\"https:\/\/mayer-marschall.com\/wp-content\/uploads\/2015\/04\/HOMEPAGE-EM2-300x123.jpg 300w, https:\/\/mayer-marschall.com\/wp-content\/uploads\/2015\/04\/HOMEPAGE-EM2-1024x420.jpg 1024w, https:\/\/mayer-marschall.com\/wp-content\/uploads\/2015\/04\/HOMEPAGE-EM2-676x277.jpg 676w\" sizes=\"auto, (max-width: 300px) 100vw, 300px\" \/><\/a><\/p>\n<p><strong>Ekkehard Albert Mayer<\/strong><\/p>\n<ul>\n<li>geboren 1957 in Freiburg i. Brsg., verheiratet, drei Kinder, wohnhaft in Merzhausen<\/li>\n<li>Studium der Rechts- und Staatswissenschaften an der Albert-Ludwigs-Universit\u00e4t in Freiburg i. Brsg.<\/li>\n<li>1986 Zulassung als Rechtsanwalt<\/li>\n<li>mehrj\u00e4hrige T\u00e4tigkeit in einer gr\u00f6\u00dferen, wirtschaftsrechtlich ausgerichteten Anwaltskanzlei<\/li>\n<li>1991 Zulassung beim Oberlandesgericht Karlsruhe<\/li>\n<li>T\u00e4tigkeit in der Gesch\u00e4ftsf\u00fchrung eines Unternehmens im Ausland<\/li>\n<li>1991 Kanzleigr\u00fcndung<\/li>\n<li>Syndikusanwalt und Gesch\u00e4ftsf\u00fchrung bei einem deutschen Unternehmen<\/li>\n<li>2002 erfolgreicher Abschluss der Fachanwaltspr\u00fcfung &#8222;Steuerrecht&#8220;<\/li>\n<li>kommunalpolitisches und ehrenamtliches Engagement u.a. als 2. Stv. B\u00fcrgermeister der Gemeinde Merzhausen, Mitglied des Gemeinderats bis Ende 2021<\/li>\n<li>Vorsitzender des Sport-Sch\u00fctzenvereines Merzhausen-Au e.V.<\/li>\n<li>Pr\u00e4sident des Partnerschaftsvereines Merzhausen-Dardilly e.V.<\/li>\n<\/ul>\n<hr \/>\n<p><a href=\"http:\/\/mayer-marschall.com\/wp-content\/uploads\/2015\/04\/Homepage-SM2.jpg\"><img loading=\"lazy\" decoding=\"async\" class=\"alignnone size-medium wp-image-127\" src=\"http:\/\/mayer-marschall.com\/wp-content\/uploads\/2015\/04\/Homepage-SM2-300x200.jpg\" alt=\"Homepage SM2\" width=\"300\" height=\"200\" srcset=\"https:\/\/mayer-marschall.com\/wp-content\/uploads\/2015\/04\/Homepage-SM2-300x200.jpg 300w, https:\/\/mayer-marschall.com\/wp-content\/uploads\/2015\/04\/Homepage-SM2-1024x684.jpg 1024w, https:\/\/mayer-marschall.com\/wp-content\/uploads\/2015\/04\/Homepage-SM2-449x300.jpg 449w\" sizes=\"auto, (max-width: 300px) 100vw, 300px\" \/>\u00a0 <\/a><a href=\"http:\/\/mayer-marschall.com\/wp-content\/uploads\/2015\/04\/Homepage-SM-1.jpg\"><img loading=\"lazy\" decoding=\"async\" class=\"alignnone size-medium wp-image-126\" src=\"http:\/\/mayer-marschall.com\/wp-content\/uploads\/2015\/04\/Homepage-SM-1-200x300.jpg\" alt=\"Homepage SM 1\" width=\"200\" height=\"300\" srcset=\"https:\/\/mayer-marschall.com\/wp-content\/uploads\/2015\/04\/Homepage-SM-1-200x300.jpg 200w, https:\/\/mayer-marschall.com\/wp-content\/uploads\/2015\/04\/Homepage-SM-1-684x1024.jpg 684w, https:\/\/mayer-marschall.com\/wp-content\/uploads\/2015\/04\/Homepage-SM-1.jpg 1880w\" sizes=\"auto, (max-width: 200px) 100vw, 200px\" \/><\/a><\/p>\n<p><strong>Sigrid Marschall<\/strong><\/p>\n<ul>\n<li>geboren 1958 in Ravensburg, verheiratet, zwei Kinder, wohnhaft in Freiburg<\/li>\n<li>Studium der Rechts- und Staatswissenschaften an der Albert-Ludwigs-Universit\u00e4t in Freiburg i. Brsg.<\/li>\n<li>Referendariat beim Landgericht Offenburg<\/li>\n<li>1987 Zulassung als Rechtsanw\u00e4ltin<\/li>\n<li>T\u00e4tigkeit in einer gr\u00f6\u00dferen Wirtschaftspr\u00fcfung- und Anwaltskanzlei<\/li>\n<li>Lehrt\u00e4tigkeit auf den Gebieten Erbrecht, Familienrecht, Allgemeines Zivilrecht und Verwaltungsrecht<\/li>\n<li>2002 Mitarbeit in der Kanzlei Mayer&amp;Marschall<\/li>\n<li>ehrenamtlich engagiert im B\u00fcrgerverein St\u00fchlinger<\/li>\n<\/ul>\n<p><a href=\"http:\/\/mayer-marschall.com\/wp-content\/uploads\/2015\/04\/Alex-HP-quer-sw.jpg\">\u00a0<\/a><a href=\"http:\/\/mayer-marschall.com\/wp-content\/uploads\/2015\/04\/Alex-HP-hoch-sw1.jpg\"><img loading=\"lazy\" decoding=\"async\" class=\"alignnone size-medium wp-image-146\" src=\"http:\/\/mayer-marschall.com\/wp-content\/uploads\/2015\/04\/Alex-HP-hoch-sw1-173x300.jpg\" alt=\"Alex HP hoch sw1\" width=\"173\" height=\"300\" srcset=\"https:\/\/mayer-marschall.com\/wp-content\/uploads\/2015\/04\/Alex-HP-hoch-sw1-173x300.jpg 173w, https:\/\/mayer-marschall.com\/wp-content\/uploads\/2015\/04\/Alex-HP-hoch-sw1.jpg 276w\" sizes=\"auto, (max-width: 173px) 100vw, 173px\" \/><\/a><a href=\"http:\/\/mayer-marschall.com\/wp-content\/uploads\/2015\/04\/Alex-HP-quer-sw.jpg\">\u00a0 <img loading=\"lazy\" decoding=\"async\" class=\"alignnone size-medium wp-image-147\" src=\"http:\/\/mayer-marschall.com\/wp-content\/uploads\/2015\/04\/Alex-HP-quer-sw-300x181.jpg\" alt=\"Alex HP quer sw\" width=\"300\" height=\"181\" srcset=\"https:\/\/mayer-marschall.com\/wp-content\/uploads\/2015\/04\/Alex-HP-quer-sw-300x181.jpg 300w, https:\/\/mayer-marschall.com\/wp-content\/uploads\/2015\/04\/Alex-HP-quer-sw.jpg 480w\" sizes=\"auto, (max-width: 300px) 100vw, 300px\" \/><\/a><\/p>\n<p><strong>Alexander Hann von Weyhern<\/strong><\/p>\n<ul>\n<li>geboren 1967 in Freiburg i. Brsg., zwei Kinder, wohnhaft in Wittnau bei Freiburg<\/li>\n<li>Studium der Rechts- und Staatswissenschaften an der Albert-Ludwigs-Universit\u00e4t in Freiburg i. Brsg.<\/li>\n<li>1996 Zulassung als Rechtsanwalt<\/li>\n<li>mehrj\u00e4hrige T\u00e4tigkeit als Rechtsanwalt, insbesondere f\u00fcr die Bundesanstalt f\u00fcr vereinigungsbedingte Sonderaufgaben\u00a0 (&#8222;TREUHANDANSTALT&#8220;) in Berlin<\/li>\n<li>st\u00e4ndige Anwalts- und Beratungst\u00e4tigkeit f\u00fcr gr\u00f6\u00dfere Immobilienverwaltungs- und Immobilienfondsverwaltungsgesellschaften in Freiburg und Berlin<\/li>\n<li>2012 erfolgreicher Abschluss der Fachanwaltspr\u00fcfung &#8222;Miet- und Wohnungseigentumsrecht&#8220;<\/li>\n<li>von 2012 bis 2016 Gesch\u00e4ftsf\u00fchrungst\u00e4tigkeit f\u00fcr die Immobiliendienste Breisgau GmbH, einer 100% Tochtergesellschaft der GISINGER+ SPITTLER Immobiliendienste GmbH<\/li>\n<li>seit 2016 Rechtsanwalt (Syndikusrechtsanwalt) f\u00fcr die Spittler Immobiliendienste GmbH<\/li>\n<li>kommunalpolitisches und ehrenamtliches Engagement u.a. als Mitglied des Finanzausschusses der Gemeinde Wittnau<\/li>\n<li>Mitglied der ARGE Immobilien- und Mietrecht<\/li>\n<li>Mitglied Anwaltsverein Freiburg<\/li>\n<\/ul>\n","protected":false},"excerpt":{"rendered":"<p>\u00a0\u00a0 Ekkehard Albert Mayer geboren 1957 in Freiburg i. Brsg., verheiratet, drei Kinder, wohnhaft in Merzhausen Studium der Rechts- und Staatswissenschaften an der Albert-Ludwigs-Universit\u00e4t in Freiburg i. Brsg. 1986 Zulassung als Rechtsanwalt mehrj\u00e4hrige T\u00e4tigkeit in einer gr\u00f6\u00dferen, wirtschaftsrechtlich ausgerichteten Anwaltskanzlei &hellip; <a href=\"https:\/\/mayer-marschall.com\/?page_id=25\">Weiterlesen <span class=\"meta-nav\">&rarr;<\/span><\/a><\/p>\n","protected":false},"author":1,"featured_media":0,"parent":0,"menu_order":20,"comment_status":"closed","ping_status":"closed","template":"","meta":{"footnotes":""},"class_list":["post-25","page","type-page","status-publish","hentry"],"_links":{"self":[{"href":"https:\/\/mayer-marschall.com\/index.php?rest_route=\/wp\/v2\/pages\/25","targetHints":{"allow":["GET"]}}],"collection":[{"href":"https:\/\/mayer-marschall.com\/index.php?rest_route=\/wp\/v2\/pages"}],"about":[{"href":"https:\/\/mayer-marschall.com\/index.php?rest_route=\/wp\/v2\/types\/page"}],"author":[{"embeddable":true,"href":"https:\/\/mayer-marschall.com\/index.php?rest_route=\/wp\/v2\/users\/1"}],"replies":[{"embeddable":true,"href":"https:\/\/mayer-marschall.com\/index.php?rest_route=%2Fwp%2Fv2%2Fcomments&post=25"}],"version-history":[{"count":21,"href":"https:\/\/mayer-marschall.com\/index.php?rest_route=\/wp\/v2\/pages\/25\/revisions"}],"predecessor-version":[{"id":169,"href":"https:\/\/mayer-marschall.com\/index.php?rest_route=\/wp\/v2\/pages\/25\/revisions\/169"}],"wp:attachment":[{"href":"https:\/\/mayer-marschall.com\/index.php?rest_route=%2Fwp%2Fv2%2Fmedia&parent=25"}],"curies":[{"name":"wp","href":"https:\/\/api.w.org\/{rel}","templated":true}]}}