{"id":2,"date":"2015-04-10T07:34:05","date_gmt":"2015-04-10T05:34:05","guid":{"rendered":"http:\/\/mayer-marschall.com\/?page_id=2"},"modified":"2016-05-17T12:37:54","modified_gmt":"2016-05-17T10:37:54","slug":"beispiel-seite","status":"publish","type":"page","link":"https:\/\/mayer-marschall.com\/","title":{"rendered":"Kanzlei"},"content":{"rendered":"<p><a href=\"http:\/\/mayer-marschall.com\/wp-content\/uploads\/2015\/04\/Raum2.jpg\"><img loading=\"lazy\" decoding=\"async\" class=\"alignnone size-medium wp-image-88\" src=\"http:\/\/mayer-marschall.com\/wp-content\/uploads\/2015\/04\/Raum2-300x139.jpg\" alt=\"Raum2\" width=\"300\" height=\"139\" srcset=\"https:\/\/mayer-marschall.com\/wp-content\/uploads\/2015\/04\/Raum2-300x139.jpg 300w, https:\/\/mayer-marschall.com\/wp-content\/uploads\/2015\/04\/Raum2.jpg 383w\" sizes=\"auto, (max-width: 300px) 100vw, 300px\" \/><\/a><\/p>\n<p><strong>Rechtsanwalt Ekkehard Albert Mayer<\/strong><\/p>\n<p style=\"text-align: justify;\">gr\u00fcndete im Jahr 1991 in Merzhausen die Anwaltskanzlei. Nach einer Vergr\u00f6\u00dferung erfolgte der Umzug im Jahr 2001 in das Herz der Freiburger Altstadt, nur einen Steinwurf vom Freiburger M\u00fcnster entfernt und in unmittelbarer Nachbarschaft zum Landgericht Freiburg sowie dem Oberlandesgericht Karlsruhe &#8211; Au\u00dfensenate in Freiburg.<\/p>\n<p>&nbsp;<\/p>\n","protected":false},"excerpt":{"rendered":"<p>Rechtsanwalt Ekkehard Albert Mayer gr\u00fcndete im Jahr 1991 in Merzhausen die Anwaltskanzlei. Nach einer Vergr\u00f6\u00dferung erfolgte der Umzug im Jahr 2001 in das Herz der Freiburger Altstadt, nur einen Steinwurf vom Freiburger M\u00fcnster entfernt und in unmittelbarer Nachbarschaft zum Landgericht &hellip; <a href=\"https:\/\/mayer-marschall.com\/\">Weiterlesen <span class=\"meta-nav\">&rarr;<\/span><\/a><\/p>\n","protected":false},"author":1,"featured_media":40,"parent":0,"menu_order":10,"comment_status":"closed","ping_status":"closed","template":"","meta":{"footnotes":""},"class_list":["post-2","page","type-page","status-publish","has-post-thumbnail","hentry"],"_links":{"self":[{"href":"https:\/\/mayer-marschall.com\/index.php?rest_route=\/wp\/v2\/pages\/2","targetHints":{"allow":["GET"]}}],"collection":[{"href":"https:\/\/mayer-marschall.com\/index.php?rest_route=\/wp\/v2\/pages"}],"about":[{"href":"https:\/\/mayer-marschall.com\/index.php?rest_route=\/wp\/v2\/types\/page"}],"author":[{"embeddable":true,"href":"https:\/\/mayer-marschall.com\/index.php?rest_route=\/wp\/v2\/users\/1"}],"replies":[{"embeddable":true,"href":"https:\/\/mayer-marschall.com\/index.php?rest_route=%2Fwp%2Fv2%2Fcomments&post=2"}],"version-history":[{"count":13,"href":"https:\/\/mayer-marschall.com\/index.php?rest_route=\/wp\/v2\/pages\/2\/revisions"}],"predecessor-version":[{"id":98,"href":"https:\/\/mayer-marschall.com\/index.php?rest_route=\/wp\/v2\/pages\/2\/revisions\/98"}],"wp:featuredmedia":[{"embeddable":true,"href":"https:\/\/mayer-marschall.com\/index.php?rest_route=\/wp\/v2\/media\/40"}],"wp:attachment":[{"href":"https:\/\/mayer-marschall.com\/index.php?rest_route=%2Fwp%2Fv2%2Fmedia&parent=2"}],"curies":[{"name":"wp","href":"https:\/\/api.w.org\/{rel}","templated":true}]}}