{"id":32,"date":"2015-04-10T12:08:28","date_gmt":"2015-04-10T10:08:28","guid":{"rendered":"http:\/\/mayer-marschall.com\/?page_id=32"},"modified":"2016-05-17T12:22:10","modified_gmt":"2016-05-17T10:22:10","slug":"taetigkeit","status":"publish","type":"page","link":"http:\/\/mayer-marschall.com\/?page_id=32","title":{"rendered":"T\u00e4tigkeit"},"content":{"rendered":"<p style=\"text-align: justify;\"><strong>T\u00e4tigkeitsbereiche und Philosophie<br \/>\n<\/strong><\/p>\n<p style=\"text-align: justify;\">Die Kanzlei ist in der Lage, den Mandanten eine voll umfassende und fundierte Beratung und Vertretung in allen Bereichen des Zivilrechtes zu bieten. Grundlage jeder juristischen Betreuung ist die akribische und vollst\u00e4ndige Ermittlung des zugrunde liegenden Sachverhaltes. Ohne die sichere Kenntnis m\u00f6glichst aller relevanter, tats\u00e4chlicher Umst\u00e4nde des jeweiligen Falles ist eine verl\u00e4ssliche rechtliche Bewertung nicht m\u00f6glich. Deswegen ist es f\u00fcr uns eine Selbstverst\u00e4ndlichkeit, beispielsweise auch Ermittlungen der Tatsachen an Ort und Stelle f\u00fcr und mit unseren Mandanten vorzunehmen.<\/p>\n<p style=\"text-align: justify;\">Neben den Schwerpunkten von Herrn Rechtsanwalt Mayer im<strong> Bau- und Immobilienrecht<\/strong> einschlie\u00dflich <strong>Erbrecht<\/strong>, und bei Frau Rechtsanw\u00e4ltin Marschall vorwiegend im Bereich des <strong>Ehe- und Familienrechts<\/strong>, sowie des <strong>Betreuungsrechtes <\/strong>schlie\u00dflich bei Herrn Rechtsanwalt Hann von Weyhern\u00a0 <strong>Miet- und Wohnungseigentumsrecht<\/strong> umfasst unsere T\u00e4tigkeit auch:<\/p>\n<p>&nbsp;<\/p>\n<ul>\n<li>Architektenrecht<\/li>\n<li>Arbeitsrecht<\/li>\n<li>Gewaltpr\u00e4vention- und Opferrecht<\/li>\n<li>Kapitalanlagerecht<\/li>\n<li>Patientenverf\u00fcgungen<\/li>\n<li>Priv. Insolvenzrecht<\/li>\n<li>Schadensersatzrecht<\/li>\n<li>Testamentarische Verf\u00fcgungen<\/li>\n<li>Testamentsvollstreckungen<\/li>\n<li>Verkehrsrecht einschlie\u00dflich der Verteidigung in Verkehrsstrafsachen sowie Verkehrsordnungswidrigkeiten<\/li>\n<li>Vertragsrecht<\/li>\n<li>Vorsorgevollmachten<\/li>\n<\/ul>\n<p>Dar\u00fcber hinaus sind wir f\u00fcr Handel- und Gewerbetreibende bundesweit mit unserem <strong>Inkassodienst<\/strong> aktiv.<\/p>\n","protected":false},"excerpt":{"rendered":"<p>T\u00e4tigkeitsbereiche und Philosophie Die Kanzlei ist in der Lage, den Mandanten eine voll umfassende und fundierte Beratung und Vertretung in allen Bereichen des Zivilrechtes zu bieten. Grundlage jeder juristischen Betreuung ist die akribische und vollst\u00e4ndige Ermittlung des zugrunde liegenden Sachverhaltes. &hellip; <a href=\"http:\/\/mayer-marschall.com\/?page_id=32\">Weiterlesen <span class=\"meta-nav\">&rarr;<\/span><\/a><\/p>\n","protected":false},"author":1,"featured_media":0,"parent":0,"menu_order":40,"comment_status":"closed","ping_status":"closed","template":"","meta":{"footnotes":""},"class_list":["post-32","page","type-page","status-publish","hentry"],"_links":{"self":[{"href":"http:\/\/mayer-marschall.com\/index.php?rest_route=\/wp\/v2\/pages\/32","targetHints":{"allow":["GET"]}}],"collection":[{"href":"http:\/\/mayer-marschall.com\/index.php?rest_route=\/wp\/v2\/pages"}],"about":[{"href":"http:\/\/mayer-marschall.com\/index.php?rest_route=\/wp\/v2\/types\/page"}],"author":[{"embeddable":true,"href":"http:\/\/mayer-marschall.com\/index.php?rest_route=\/wp\/v2\/users\/1"}],"replies":[{"embeddable":true,"href":"http:\/\/mayer-marschall.com\/index.php?rest_route=%2Fwp%2Fv2%2Fcomments&post=32"}],"version-history":[{"count":13,"href":"http:\/\/mayer-marschall.com\/index.php?rest_route=\/wp\/v2\/pages\/32\/revisions"}],"predecessor-version":[{"id":142,"href":"http:\/\/mayer-marschall.com\/index.php?rest_route=\/wp\/v2\/pages\/32\/revisions\/142"}],"wp:attachment":[{"href":"http:\/\/mayer-marschall.com\/index.php?rest_route=%2Fwp%2Fv2%2Fmedia&parent=32"}],"curies":[{"name":"wp","href":"https:\/\/api.w.org\/{rel}","templated":true}]}}